{"id":480,"date":"2021-04-22T06:16:10","date_gmt":"2021-04-22T04:16:10","guid":{"rendered":"https:\/\/www.laboutiquedudos.com\/blog\/?page_id=480"},"modified":"2023-04-27T15:47:16","modified_gmt":"2023-04-27T13:47:16","slug":"reservation-projet-entreprises-administrations","status":"publish","type":"page","link":"https:\/\/www.laboutiquedudos.com\/blog\/reservation-projet-entreprises-administrations\/","title":{"rendered":"Prenez rendez-vous avec un expert Grands Comptes"},"content":{"rendered":"<section class=\"wpb-content-wrapper\"><p>[vc_row margin_top=\u00a0\u00bb30&Prime; margin_bottom=\u00a0\u00bb30&Prime;][vc_column width=\u00a0\u00bb1\/2&Prime; css=\u00a0\u00bb.vc_custom_1602228596116{padding-right: 30px !important;}\u00a0\u00bb][vc_column_text]<strong>R\u00e9servez un entretien avec nos experts Entreprises et administrations<br \/>\n<\/strong><\/p>\n<ol>\n<li><strong>S\u00e9lectionnez une date et un cr\u00e9neau horaire <\/strong>via le calendrier<\/li>\n<li><strong>Remplissez le formulaire<\/strong><\/li>\n<li><strong>Effectuez la prise de rendez-vous pour un premier contact t\u00e9l\u00e9phonique au jour et \u00e0 l&rsquo;horaire qui vous convient<\/strong><strong><br \/>\n<\/strong><\/li>\n<\/ol>\n<p>&nbsp;<\/p>\n<p><em>Nb : Vous recevrez un mail de confirmation de rendez-vous<br \/>\n<\/em>[\/vc_column_text][\/vc_column][vc_column width=\u00a0\u00bb1\/2&Prime;][vc_column_text]<\/p> <!-- this p tag fixes a IE bug -->\n<link rel=\"stylesheet\" type=\"text\/css\" href=\"https:\/\/www.laboutiquedudos.com\/blog\/wp-content\/plugins\/appointment-booking-calendar\/TDE_AppCalendar\/modern\/all-css.css\" \/>\n<script>\nvar pathCalendar = \"\/blog\";\nvar cpabc_global_date_format = '0';\nvar cpabc_global_military_time = '1';\nvar cpabc_global_start_weekday = '1';\nvar cpabc_global_mindate = '4\/8\/2026';\nvar cpabc_global_maxdate = '';\nvar cpabc_global_gmt_enabled = false;\nvar cpabc_global_gmt = 0;\nvar cpabc_global_close_on_select = true;\nvar cpabc_global_cancel_text = 'Annuler';\nvar cpabc_global_pagedate = '4\/2026';\n<\/script>\n<!--noptimize--><script type=\"text\/javascript\" src=\"https:\/\/www.laboutiquedudos.com\/blog\/wp-content\/plugins\/appointment-booking-calendar\/TDE_AppCalendar\/all-scripts.js\"><\/script><script type=\"text\/javascript\">\n var cpabc_current_calendar_item;\n var abc_last_date = '';\n var abc_cost = '';\n function apc_clear_date()\n {\n    document.getElementById(\"selDaycal\"+cpabc_current_calendar_item ).value = \"\";\n        cpabc_updateItem();\n }\n function cpabc_updateItem()\n {\n    document.getElementById(\"calarea_\"+cpabc_current_calendar_item).style.display = \"none\";\n    var i = document.FormEdit.cpabc_item.options.selectedIndex;\n    var selecteditem = document.FormEdit.cpabc_item.options[i].value;\n    cpabc_do_init(selecteditem);\n }\n var cpabc_first_load = true;\n function cpabc_do_init(id)\n {                                                      \n    cpabc_current_calendar_item = id;\n    document.getElementById(\"calarea_\"+cpabc_current_calendar_item).style.display = \"\";\n    cpabc_global_date_format = document.getElementById(\"ccpabc_global_date_format\"+id).value;\n    cpabc_global_military_time = document.getElementById(\"ccpabc_global_military_time\"+id).value;\n    cpabc_global_start_weekday = document.getElementById(\"ccpabc_global_start_weekday\"+id).value;\n    cpabc_global_mindate = document.getElementById(\"cmintime\"+id).value;\n    cpabc_global_maxdate = document.getElementById(\"cmaxtime\"+id).value;\n    if (document.getElementById(\"ccpabc_global_gmt_enabled\"+id).value == 'true') \n        cpabc_global_gmt_enabled = true;\n    else\n        cpabc_global_gmt_enabled = false;    \n    cpabc_global_gmt = document.getElementById(\"ccpabc_global_gmt\"+id).value;\n    if (document.getElementById(\"ccpabc_global_close_on_select\"+id).value == 'true') \n        cpabc_global_close_on_select = true;\n    else\n        cpabc_global_close_on_select = false;    \n    cpabc_global_pagedate = document.getElementById(\"ccpabc_global_pagedate\"+id).value;    \n    initAppCalendar(\"cal\"+cpabc_current_calendar_item,document.getElementById(\"ccpages\"+id).value,2,document.getElementById(\"cclanguage\"+id).value,{m1:\"S\u00e9lectionnez l'heure du rendez-vous.\"});    $dexQuery = jQuery.noConflict();                    \n    $dexQuery.ajax({\n                      type: \"GET\",\n                      url: \"\/blog\/?dex_abc=getservices\"+String.fromCharCode(38)\n                      +\"inAdmin=1\"+String.fromCharCode(38)\n                      +\"cpabc_item=\"+cpabc_current_calendar_item+\"\"+String.fromCharCode(38),\n                    }).done(function( html ) {                        \n                        document.getElementById(\"abcservices\").innerHTML = html;                        \n                    }); }\n function force_updatedate() {\n     abc_last_date = \"\";\n     updatedate();\n }\n function updatedate()\n { }\n <\/script><!--\/noptimize-->\n    <form class=\"cpp_form\" id=\"cp_abcform_pform\" name=\"FormEdit\" action=\"\" method=\"post\" onsubmit=\"return doValidate(this);\">\r\n<input name=\"cpabc_appointments_post\" type=\"hidden\"  value=\"1\" \/><input name=\"cpabc_appointments_utime\" type=\"hidden\"  value=\"\" \/>\r\n<div style=\"display:none\">\r\n  Calendrier<br \/>\r\n  <select autocomplete=\"off\" name=\"cpabc_item\" id=\"cpabc_item\" onchange=\"cpabc_updateItem()\"><option value=2>Ergonomie<\/option><\/select><br \/><br \/>\r\n<\/div>\r\n<div class=\"abc_selectdate fields\"><label>S\u00e9lectionnez la date et l'heure:<\/label><\/div><div id=\"calarea_2\" style=\"display:none\"><input name=\"tzonelistcal2\" type=\"hidden\" id=\"tzonelistcal2\" \/><input name=\"selDaycal2\" type=\"hidden\" id=\"selDaycal2\" \/><input name=\"selMonthcal2\" type=\"hidden\" id=\"selMonthcal2\" \/><input name=\"selYearcal2\" type=\"hidden\" id=\"selYearcal2\" \/><input name=\"selHourcal2\" type=\"hidden\" id=\"selHourcal2\" \/><input name=\"selMinutecal2\" type=\"hidden\" id=\"selMinutecal2\" \/><div class=\"appContainer\"><div style=\"z-index:1000;\" class=\"appContainer2\"><div id=\"cal2Container\"><\/div><\/div><\/div> <div style=\"clear:both;\"><\/div><div id=\"listcal2\"><\/div><\/div><input name=\"cclanguage2\" type=\"hidden\" id=\"cclanguage2\" value=\"FR\" \/><input name=\"ccpages2\" type=\"hidden\" id=\"ccpages2\" value=\"1\" \/><input name=\"ccpabc_global_date_format2\" type=\"hidden\" id=\"ccpabc_global_date_format2\" value=\"0\" \/><input name=\"ccpabc_global_military_time2\" type=\"hidden\" id=\"ccpabc_global_military_time2\" value=\"1\" \/><input name=\"ccpabc_global_start_weekday2\" type=\"hidden\" id=\"ccpabc_global_start_weekday2\" value=\"1\" \/><input name=\"cmintime2\" type=\"hidden\" id=\"cmintime2\" value=\"4\/8\/2026\" \/><input name=\"cmaxtime2\" type=\"hidden\" id=\"cmaxtime2\" value=\"\" \/>            <input name=\"ccpabc_global_gmt_enabled2\" type=\"hidden\" id=\"ccpabc_global_gmt_enabled2\" value=\"false\" \/><input name=\"ccpabc_global_gmt2\" type=\"hidden\" id=\"ccpabc_global_gmt2\" value=\"0\" \/><input name=\"ccpabc_global_close_on_select2\" type=\"hidden\" id=\"ccpabc_global_close_on_select2\" value=\"true\" \/><input name=\"ccpabc_global_pagedate2\" type=\"hidden\" id=\"ccpabc_global_pagedate2\" value=\"4\/2026\" \/><script type=\"text\/javascript\">\r\n var cpabc_max_slots = 1;\r\n var cpabc_max_slots_text = 'Please select a maximum of %1 time-slots. Currently selected: %2 time-slots.';\r\n cpabc_max_slots_text = cpabc_max_slots_text.replace('%1',cpabc_max_slots);\r\n cpabc_max_slots_text = cpabc_max_slots_text.replace('%2',cpabc_max_slots);\r\n cpabc_current_calendar_item = 2;\r\n cpabc_do_init(2);\r\n setInterval('updatedate()',200);\r\n function doValidate(form)\r\n {\r\n    var visitortime = new Date();\r\n    form.cpabc_appointments_utime.value = \"GMT \" + -visitortime.getTimezoneOffset()\/60;\r\n    if (form.phone.value == '')\r\n    {\r\n        alert('Entrez un num\u00e9ro de t\u00e9l\u00e9phone valide.');\r\n        return false;\r\n    }\r\n    if (form.email.value == '')\r\n    {\r\n        alert('Entrez une adresse e-mail valide.');\r\n        return false;\r\n    }\r\n    if (form.name.value == '')\r\n    {\r\n        alert('Inscrivez votre nom.');\r\n        return false;\r\n    }\r\n    var selst = \"\"+document.getElementById(\"selDaycal\"+cpabc_current_calendar_item).value;    \r\n    if (selst == '')\r\n    {\r\n        alert('S\u00e9lectionnez la date et l\\'heure.');\r\n        return false;\r\n    }\r\n    selst = selst.match(\/;\/g);selst = selst.length;\r\n    if (selst < 1)\r\n    {\r\n        var almsg = 'S\u00e9lectionnez au moins 1% des cr\u00e9neaux horaires. Actuellement s\u00e9lectionn\u00e9 :% 2 tranches de temps.';\r\n        almsg = almsg.replace('%1','1');\r\n        almsg = almsg.replace('%2',selst);\r\n        alert(almsg);\r\n        return false;\r\n    }\r\n    if (selst > 1)\r\n    {\r\n        var almsg = 'S\u00e9lectionnez un maximum de 1% des cr\u00e9neaux horaires. Actuellement s\u00e9lectionn\u00e9 :% 2 tranches de temps.';\r\n        almsg = almsg.replace('%1','1');\r\n        almsg = almsg.replace('%2',selst);\r\n        alert(almsg);\r\n        return false;\r\n    } \r\n        { $dexQuery = jQuery.noConflict(); \r\n        var result = $dexQuery.ajax({\r\n           type: \"GET\",\r\n           url: \"\/blog?cal=\"+cpabc_current_calendar_item+String.fromCharCode(38)+\"abc_verifydate=\"+$dexQuery(\"#selDaycal\"+cpabc_current_calendar_item).val()+String.fromCharCode(38)+\"tobook=1\",\r\n           async: false\r\n        }).responseText;\r\n        if (result == \"failed\")\r\n        {\r\n            alert('Time-slot already reserved. Please select a different time.');\r\n            return false;\r\n        }  return true;\r\n    }  \r\n }\r\n<\/script><div style=\"clear:both;\"><\/div><div id=\"abccost\"><\/div>\r\n<br \/>\r\nVotre num\u00e9ro de t\u00e9l\u00e9phone:<br \/>\r\n<input type=\"text\" name=\"phone\" value=\"\"><br \/>\r\nVotre nom:<br \/>\r\n<input type=\"text\" name=\"name\" value=\"\"><br \/>\r\nVotre e-mail:<br \/>\r\n<input type=\"text\" name=\"email\" value=\"\"><br \/>\r\nObjectif de votre rendez-vous:<br \/>\r\n<textarea name=\"question\" style=\"width:100%\"><\/textarea><br \/>\r\n<div id=\"abcservices\"><\/div>  \r\n<input type=\"submit\" name=\"subbtn\" class=\"cp_subbtn\" value=\"Continuez\">\r\n<\/form>\r\n\r\n\r\n[\/vc_column_text][\/vc_column][\/vc_row]<\/p>\n<\/section>","protected":false},"excerpt":{"rendered":"<p>[vc_row margin_top=\u00a0\u00bb30&Prime; margin_bottom=\u00a0\u00bb30&Prime;][vc_column width=\u00a0\u00bb1\/2&Prime; css=\u00a0\u00bb.vc_custom_1602228596116{padding-right: 30px !important;}\u00a0\u00bb][vc_column_text]R\u00e9servez un entretien avec nos experts Entreprises et administrations S\u00e9lectionnez une date et un cr\u00e9neau horaire via le calendrier Remplissez le formulaire Effectuez la prise de rendez-vous pour un premier contact t\u00e9l\u00e9phonique au jour et \u00e0 l&rsquo;horaire qui vous convient &nbsp; Nb : Vous recevrez un mail de confirmation&hellip;<\/p>\n","protected":false},"author":1,"featured_media":0,"parent":0,"menu_order":0,"comment_status":"closed","ping_status":"closed","template":"","meta":{"_acf_changed":false,"footnotes":""},"class_list":["post-480","page","type-page","status-publish","hentry"],"acf":[],"yoast_head":"<!-- This site is optimized with the Yoast SEO plugin v27.3 - https:\/\/yoast.com\/product\/yoast-seo-wordpress\/ -->\n<title>Prenez rendez-vous avec un expert Grands Comptes - La Boutique du dos - Blog<\/title>\n<meta name=\"robots\" content=\"index, follow, max-snippet:-1, max-image-preview:large, max-video-preview:-1\" \/>\n<link rel=\"canonical\" href=\"https:\/\/www.laboutiquedudos.com\/blog\/reservation-projet-entreprises-administrations\/\" \/>\n<meta property=\"og:locale\" content=\"fr_FR\" \/>\n<meta property=\"og:type\" content=\"article\" \/>\n<meta property=\"og:title\" content=\"Prenez rendez-vous avec un expert Grands Comptes - La Boutique du dos - Blog\" \/>\n<meta property=\"og:description\" content=\"[vc_row margin_top=\u00a0\u00bb30&Prime; margin_bottom=\u00a0\u00bb30&Prime;][vc_column width=\u00a0\u00bb1\/2&Prime; css=\u00a0\u00bb.vc_custom_1602228596116{padding-right: 30px !important;}\u00a0\u00bb][vc_column_text]R\u00e9servez un entretien avec nos experts Entreprises et administrations S\u00e9lectionnez une date et un cr\u00e9neau horaire via le calendrier Remplissez le formulaire Effectuez la prise de rendez-vous pour un premier contact t\u00e9l\u00e9phonique au jour et \u00e0 l&rsquo;horaire qui vous convient &nbsp; Nb : Vous recevrez un mail de confirmation&hellip;\" \/>\n<meta property=\"og:url\" content=\"https:\/\/www.laboutiquedudos.com\/blog\/reservation-projet-entreprises-administrations\/\" \/>\n<meta property=\"og:site_name\" content=\"La Boutique du dos - Blog\" \/>\n<meta property=\"article:modified_time\" content=\"2023-04-27T13:47:16+00:00\" \/>\n<meta name=\"twitter:card\" content=\"summary_large_image\" \/>\n<meta name=\"twitter:label1\" content=\"Dur\u00e9e de lecture estim\u00e9e\" \/>\n\t<meta name=\"twitter:data1\" content=\"1 minute\" \/>\n<script type=\"application\/ld+json\" class=\"yoast-schema-graph\">{\"@context\":\"https:\\\/\\\/schema.org\",\"@graph\":[{\"@type\":\"WebPage\",\"@id\":\"https:\\\/\\\/www.laboutiquedudos.com\\\/blog\\\/reservation-projet-entreprises-administrations\\\/\",\"url\":\"https:\\\/\\\/www.laboutiquedudos.com\\\/blog\\\/reservation-projet-entreprises-administrations\\\/\",\"name\":\"Prenez rendez-vous avec un expert Grands Comptes - La Boutique du dos - Blog\",\"isPartOf\":{\"@id\":\"https:\\\/\\\/www.laboutiquedudos.com\\\/blog\\\/#website\"},\"datePublished\":\"2021-04-22T04:16:10+00:00\",\"dateModified\":\"2023-04-27T13:47:16+00:00\",\"breadcrumb\":{\"@id\":\"https:\\\/\\\/www.laboutiquedudos.com\\\/blog\\\/reservation-projet-entreprises-administrations\\\/#breadcrumb\"},\"inLanguage\":\"fr-FR\",\"potentialAction\":[{\"@type\":\"ReadAction\",\"target\":[\"https:\\\/\\\/www.laboutiquedudos.com\\\/blog\\\/reservation-projet-entreprises-administrations\\\/\"]}]},{\"@type\":\"BreadcrumbList\",\"@id\":\"https:\\\/\\\/www.laboutiquedudos.com\\\/blog\\\/reservation-projet-entreprises-administrations\\\/#breadcrumb\",\"itemListElement\":[{\"@type\":\"ListItem\",\"position\":1,\"name\":\"Accueil\",\"item\":\"https:\\\/\\\/www.laboutiquedudos.com\\\/blog\\\/\"},{\"@type\":\"ListItem\",\"position\":2,\"name\":\"Prenez rendez-vous avec un expert Grands Comptes\"}]},{\"@type\":\"WebSite\",\"@id\":\"https:\\\/\\\/www.laboutiquedudos.com\\\/blog\\\/#website\",\"url\":\"https:\\\/\\\/www.laboutiquedudos.com\\\/blog\\\/\",\"name\":\"La Boutique du dos - Blog\",\"description\":\"\",\"potentialAction\":[{\"@type\":\"SearchAction\",\"target\":{\"@type\":\"EntryPoint\",\"urlTemplate\":\"https:\\\/\\\/www.laboutiquedudos.com\\\/blog\\\/?s={search_term_string}\"},\"query-input\":{\"@type\":\"PropertyValueSpecification\",\"valueRequired\":true,\"valueName\":\"search_term_string\"}}],\"inLanguage\":\"fr-FR\"}]}<\/script>\n<!-- \/ Yoast SEO plugin. -->","yoast_head_json":{"title":"Prenez rendez-vous avec un expert Grands Comptes - La Boutique du dos - Blog","robots":{"index":"index","follow":"follow","max-snippet":"max-snippet:-1","max-image-preview":"max-image-preview:large","max-video-preview":"max-video-preview:-1"},"canonical":"https:\/\/www.laboutiquedudos.com\/blog\/reservation-projet-entreprises-administrations\/","og_locale":"fr_FR","og_type":"article","og_title":"Prenez rendez-vous avec un expert Grands Comptes - La Boutique du dos - Blog","og_description":"[vc_row margin_top=\u00a0\u00bb30&Prime; margin_bottom=\u00a0\u00bb30&Prime;][vc_column width=\u00a0\u00bb1\/2&Prime; css=\u00a0\u00bb.vc_custom_1602228596116{padding-right: 30px !important;}\u00a0\u00bb][vc_column_text]R\u00e9servez un entretien avec nos experts Entreprises et administrations S\u00e9lectionnez une date et un cr\u00e9neau horaire via le calendrier Remplissez le formulaire Effectuez la prise de rendez-vous pour un premier contact t\u00e9l\u00e9phonique au jour et \u00e0 l&rsquo;horaire qui vous convient &nbsp; Nb : Vous recevrez un mail de confirmation&hellip;","og_url":"https:\/\/www.laboutiquedudos.com\/blog\/reservation-projet-entreprises-administrations\/","og_site_name":"La Boutique du dos - Blog","article_modified_time":"2023-04-27T13:47:16+00:00","twitter_card":"summary_large_image","twitter_misc":{"Dur\u00e9e de lecture estim\u00e9e":"1 minute"},"schema":{"@context":"https:\/\/schema.org","@graph":[{"@type":"WebPage","@id":"https:\/\/www.laboutiquedudos.com\/blog\/reservation-projet-entreprises-administrations\/","url":"https:\/\/www.laboutiquedudos.com\/blog\/reservation-projet-entreprises-administrations\/","name":"Prenez rendez-vous avec un expert Grands Comptes - La Boutique du dos - Blog","isPartOf":{"@id":"https:\/\/www.laboutiquedudos.com\/blog\/#website"},"datePublished":"2021-04-22T04:16:10+00:00","dateModified":"2023-04-27T13:47:16+00:00","breadcrumb":{"@id":"https:\/\/www.laboutiquedudos.com\/blog\/reservation-projet-entreprises-administrations\/#breadcrumb"},"inLanguage":"fr-FR","potentialAction":[{"@type":"ReadAction","target":["https:\/\/www.laboutiquedudos.com\/blog\/reservation-projet-entreprises-administrations\/"]}]},{"@type":"BreadcrumbList","@id":"https:\/\/www.laboutiquedudos.com\/blog\/reservation-projet-entreprises-administrations\/#breadcrumb","itemListElement":[{"@type":"ListItem","position":1,"name":"Accueil","item":"https:\/\/www.laboutiquedudos.com\/blog\/"},{"@type":"ListItem","position":2,"name":"Prenez rendez-vous avec un expert Grands Comptes"}]},{"@type":"WebSite","@id":"https:\/\/www.laboutiquedudos.com\/blog\/#website","url":"https:\/\/www.laboutiquedudos.com\/blog\/","name":"La Boutique du dos - Blog","description":"","potentialAction":[{"@type":"SearchAction","target":{"@type":"EntryPoint","urlTemplate":"https:\/\/www.laboutiquedudos.com\/blog\/?s={search_term_string}"},"query-input":{"@type":"PropertyValueSpecification","valueRequired":true,"valueName":"search_term_string"}}],"inLanguage":"fr-FR"}]}},"_links":{"self":[{"href":"https:\/\/www.laboutiquedudos.com\/blog\/wp-json\/wp\/v2\/pages\/480","targetHints":{"allow":["GET"]}}],"collection":[{"href":"https:\/\/www.laboutiquedudos.com\/blog\/wp-json\/wp\/v2\/pages"}],"about":[{"href":"https:\/\/www.laboutiquedudos.com\/blog\/wp-json\/wp\/v2\/types\/page"}],"author":[{"embeddable":true,"href":"https:\/\/www.laboutiquedudos.com\/blog\/wp-json\/wp\/v2\/users\/1"}],"replies":[{"embeddable":true,"href":"https:\/\/www.laboutiquedudos.com\/blog\/wp-json\/wp\/v2\/comments?post=480"}],"version-history":[{"count":27,"href":"https:\/\/www.laboutiquedudos.com\/blog\/wp-json\/wp\/v2\/pages\/480\/revisions"}],"predecessor-version":[{"id":868,"href":"https:\/\/www.laboutiquedudos.com\/blog\/wp-json\/wp\/v2\/pages\/480\/revisions\/868"}],"wp:attachment":[{"href":"https:\/\/www.laboutiquedudos.com\/blog\/wp-json\/wp\/v2\/media?parent=480"}],"curies":[{"name":"wp","href":"https:\/\/api.w.org\/{rel}","templated":true}]}}